{"id":630,"date":"2025-01-09T16:11:52","date_gmt":"2025-01-09T15:11:52","guid":{"rendered":"https:\/\/www.milazar-media.de\/index.php\/recruitingkampagne-johanniter-rhein-ruhr\/"},"modified":"2025-01-10T10:20:35","modified_gmt":"2025-01-10T09:20:35","slug":"recruitingkampagne-johanniter-rhein-ruhr","status":"publish","type":"page","link":"https:\/\/www.milazar-media.de\/index.php\/recruitingkampagne-johanniter-rhein-ruhr\/","title":{"rendered":"Recruiting-Kampagne Johanniter Rhein-Ruhr"},"content":{"rendered":"\n\n\n\n\n\n\n\n\n\n\n\n\n\n","protected":false},"excerpt":{"rendered":"","protected":false},"author":1,"featured_media":0,"parent":0,"menu_order":0,"comment_status":"closed","ping_status":"closed","template":"page-recruitingkampagne-johanniter-rhein-ruhr-template","meta":{"saved_in_kubio":true,"footnotes":""},"class_list":["post-630","page","type-page","status-publish","hentry"],"kubio_ai_page_context":{"short_desc":"","purpose":"general"},"yoast_head":"<!-- This site is optimized with the Yoast SEO plugin v27.1.1 - https:\/\/yoast.com\/product\/yoast-seo-wordpress\/ -->\n<title>Recruiting-Kampagne Johanniter Rhein-Ruhr - Milazar Media - Videoproduktion und Marketing<\/title>\n<meta name=\"description\" content=\"F\u00fcr die Johanniter Rhein-Ruhr haben wir 3 Kampagnen f\u00fcr die Mitarbeitergewinnung im Rettungsdienst, Bev\u00f6lkerungsschutz und Pflege durchgef\u00fchrt\" \/>\n<meta name=\"robots\" content=\"index, follow, max-snippet:-1, max-image-preview:large, max-video-preview:-1\" \/>\n<link rel=\"canonical\" href=\"https:\/\/www.milazar-media.de\/index.php\/recruitingkampagne-johanniter-rhein-ruhr\/\" \/>\n<meta property=\"og:locale\" content=\"de_DE\" \/>\n<meta property=\"og:type\" content=\"article\" \/>\n<meta property=\"og:title\" content=\"Recruiting-Kampagne Johanniter Rhein-Ruhr - Milazar Media - Videoproduktion und Marketing\" \/>\n<meta property=\"og:description\" content=\"F\u00fcr die Johanniter Rhein-Ruhr haben wir 3 Kampagnen f\u00fcr die Mitarbeitergewinnung im Rettungsdienst, Bev\u00f6lkerungsschutz und Pflege durchgef\u00fchrt\" \/>\n<meta property=\"og:url\" content=\"https:\/\/www.milazar-media.de\/index.php\/recruitingkampagne-johanniter-rhein-ruhr\/\" \/>\n<meta property=\"og:site_name\" content=\"Milazar Media - Videoproduktion und Marketing\" \/>\n<meta property=\"article:publisher\" content=\"https:\/\/www.facebook.com\/daniel.milaa\" \/>\n<meta property=\"article:modified_time\" content=\"2025-01-10T09:20:35+00:00\" \/>\n<meta name=\"twitter:card\" content=\"summary_large_image\" \/>\n<script type=\"application\/ld+json\" class=\"yoast-schema-graph\">{\"@context\":\"https:\/\/schema.org\",\"@graph\":[{\"@type\":\"WebPage\",\"@id\":\"https:\/\/www.milazar-media.de\/index.php\/recruitingkampagne-johanniter-rhein-ruhr\/\",\"url\":\"https:\/\/www.milazar-media.de\/index.php\/recruitingkampagne-johanniter-rhein-ruhr\/\",\"name\":\"Recruiting-Kampagne Johanniter Rhein-Ruhr - Milazar Media - Videoproduktion und Marketing\",\"isPartOf\":{\"@id\":\"https:\/\/www.milazar-media.de\/#website\"},\"datePublished\":\"2025-01-09T15:11:52+00:00\",\"dateModified\":\"2025-01-10T09:20:35+00:00\",\"description\":\"F\u00fcr die Johanniter Rhein-Ruhr haben wir 3 Kampagnen f\u00fcr die Mitarbeitergewinnung im Rettungsdienst, Bev\u00f6lkerungsschutz und Pflege durchgef\u00fchrt\",\"breadcrumb\":{\"@id\":\"https:\/\/www.milazar-media.de\/index.php\/recruitingkampagne-johanniter-rhein-ruhr\/#breadcrumb\"},\"inLanguage\":\"de\",\"potentialAction\":[{\"@type\":\"ReadAction\",\"target\":[\"https:\/\/www.milazar-media.de\/index.php\/recruitingkampagne-johanniter-rhein-ruhr\/\"]}]},{\"@type\":\"BreadcrumbList\",\"@id\":\"https:\/\/www.milazar-media.de\/index.php\/recruitingkampagne-johanniter-rhein-ruhr\/#breadcrumb\",\"itemListElement\":[{\"@type\":\"ListItem\",\"position\":1,\"name\":\"Startseite\",\"item\":\"https:\/\/www.milazar-media.de\/\"},{\"@type\":\"ListItem\",\"position\":2,\"name\":\"Recruiting-Kampagne Johanniter Rhein-Ruhr\"}]},{\"@type\":\"WebSite\",\"@id\":\"https:\/\/www.milazar-media.de\/#website\",\"url\":\"https:\/\/www.milazar-media.de\/\",\"name\":\"Milazar Media - Videoproduktion und Marketing\",\"description\":\"\",\"publisher\":{\"@id\":\"https:\/\/www.milazar-media.de\/#organization\"},\"potentialAction\":[{\"@type\":\"SearchAction\",\"target\":{\"@type\":\"EntryPoint\",\"urlTemplate\":\"https:\/\/www.milazar-media.de\/?s={search_term_string}\"},\"query-input\":{\"@type\":\"PropertyValueSpecification\",\"valueRequired\":true,\"valueName\":\"search_term_string\"}}],\"inLanguage\":\"de\"},{\"@type\":\"Organization\",\"@id\":\"https:\/\/www.milazar-media.de\/#organization\",\"name\":\"Milazar Media - Videoproduktion und Marketing\",\"url\":\"https:\/\/www.milazar-media.de\/\",\"logo\":{\"@type\":\"ImageObject\",\"inLanguage\":\"de\",\"@id\":\"https:\/\/www.milazar-media.de\/#\/schema\/logo\/image\/\",\"url\":\"https:\/\/www.milazar-media.de\/wp-content\/uploads\/2024\/12\/MILAZARMEDIA-LOGO-Weiss.png\",\"contentUrl\":\"https:\/\/www.milazar-media.de\/wp-content\/uploads\/2024\/12\/MILAZARMEDIA-LOGO-Weiss.png\",\"width\":2230,\"height\":546,\"caption\":\"Milazar Media - Videoproduktion und Marketing\"},\"image\":{\"@id\":\"https:\/\/www.milazar-media.de\/#\/schema\/logo\/image\/\"},\"sameAs\":[\"https:\/\/www.facebook.com\/daniel.milaa\",\"https:\/\/www.instagram.com\/daniel_milazar\/\"]}]}<\/script>\n<!-- \/ Yoast SEO plugin. -->","yoast_head_json":{"title":"Recruiting-Kampagne Johanniter Rhein-Ruhr - Milazar Media - Videoproduktion und Marketing","description":"F\u00fcr die Johanniter Rhein-Ruhr haben wir 3 Kampagnen f\u00fcr die Mitarbeitergewinnung im Rettungsdienst, Bev\u00f6lkerungsschutz und Pflege durchgef\u00fchrt","robots":{"index":"index","follow":"follow","max-snippet":"max-snippet:-1","max-image-preview":"max-image-preview:large","max-video-preview":"max-video-preview:-1"},"canonical":"https:\/\/www.milazar-media.de\/index.php\/recruitingkampagne-johanniter-rhein-ruhr\/","og_locale":"de_DE","og_type":"article","og_title":"Recruiting-Kampagne Johanniter Rhein-Ruhr - Milazar Media - Videoproduktion und Marketing","og_description":"F\u00fcr die Johanniter Rhein-Ruhr haben wir 3 Kampagnen f\u00fcr die Mitarbeitergewinnung im Rettungsdienst, Bev\u00f6lkerungsschutz und Pflege durchgef\u00fchrt","og_url":"https:\/\/www.milazar-media.de\/index.php\/recruitingkampagne-johanniter-rhein-ruhr\/","og_site_name":"Milazar Media - Videoproduktion und Marketing","article_publisher":"https:\/\/www.facebook.com\/daniel.milaa","article_modified_time":"2025-01-10T09:20:35+00:00","twitter_card":"summary_large_image","schema":{"@context":"https:\/\/schema.org","@graph":[{"@type":"WebPage","@id":"https:\/\/www.milazar-media.de\/index.php\/recruitingkampagne-johanniter-rhein-ruhr\/","url":"https:\/\/www.milazar-media.de\/index.php\/recruitingkampagne-johanniter-rhein-ruhr\/","name":"Recruiting-Kampagne Johanniter Rhein-Ruhr - Milazar Media - Videoproduktion und Marketing","isPartOf":{"@id":"https:\/\/www.milazar-media.de\/#website"},"datePublished":"2025-01-09T15:11:52+00:00","dateModified":"2025-01-10T09:20:35+00:00","description":"F\u00fcr die Johanniter Rhein-Ruhr haben wir 3 Kampagnen f\u00fcr die Mitarbeitergewinnung im Rettungsdienst, Bev\u00f6lkerungsschutz und Pflege durchgef\u00fchrt","breadcrumb":{"@id":"https:\/\/www.milazar-media.de\/index.php\/recruitingkampagne-johanniter-rhein-ruhr\/#breadcrumb"},"inLanguage":"de","potentialAction":[{"@type":"ReadAction","target":["https:\/\/www.milazar-media.de\/index.php\/recruitingkampagne-johanniter-rhein-ruhr\/"]}]},{"@type":"BreadcrumbList","@id":"https:\/\/www.milazar-media.de\/index.php\/recruitingkampagne-johanniter-rhein-ruhr\/#breadcrumb","itemListElement":[{"@type":"ListItem","position":1,"name":"Startseite","item":"https:\/\/www.milazar-media.de\/"},{"@type":"ListItem","position":2,"name":"Recruiting-Kampagne Johanniter Rhein-Ruhr"}]},{"@type":"WebSite","@id":"https:\/\/www.milazar-media.de\/#website","url":"https:\/\/www.milazar-media.de\/","name":"Milazar Media - Videoproduktion und Marketing","description":"","publisher":{"@id":"https:\/\/www.milazar-media.de\/#organization"},"potentialAction":[{"@type":"SearchAction","target":{"@type":"EntryPoint","urlTemplate":"https:\/\/www.milazar-media.de\/?s={search_term_string}"},"query-input":{"@type":"PropertyValueSpecification","valueRequired":true,"valueName":"search_term_string"}}],"inLanguage":"de"},{"@type":"Organization","@id":"https:\/\/www.milazar-media.de\/#organization","name":"Milazar Media - Videoproduktion und Marketing","url":"https:\/\/www.milazar-media.de\/","logo":{"@type":"ImageObject","inLanguage":"de","@id":"https:\/\/www.milazar-media.de\/#\/schema\/logo\/image\/","url":"https:\/\/www.milazar-media.de\/wp-content\/uploads\/2024\/12\/MILAZARMEDIA-LOGO-Weiss.png","contentUrl":"https:\/\/www.milazar-media.de\/wp-content\/uploads\/2024\/12\/MILAZARMEDIA-LOGO-Weiss.png","width":2230,"height":546,"caption":"Milazar Media - Videoproduktion und Marketing"},"image":{"@id":"https:\/\/www.milazar-media.de\/#\/schema\/logo\/image\/"},"sameAs":["https:\/\/www.facebook.com\/daniel.milaa","https:\/\/www.instagram.com\/daniel_milazar\/"]}]}},"_links":{"self":[{"href":"https:\/\/www.milazar-media.de\/index.php\/wp-json\/wp\/v2\/pages\/630","targetHints":{"allow":["GET"]}}],"collection":[{"href":"https:\/\/www.milazar-media.de\/index.php\/wp-json\/wp\/v2\/pages"}],"about":[{"href":"https:\/\/www.milazar-media.de\/index.php\/wp-json\/wp\/v2\/types\/page"}],"author":[{"embeddable":true,"href":"https:\/\/www.milazar-media.de\/index.php\/wp-json\/wp\/v2\/users\/1"}],"replies":[{"embeddable":true,"href":"https:\/\/www.milazar-media.de\/index.php\/wp-json\/wp\/v2\/comments?post=630"}],"version-history":[{"count":27,"href":"https:\/\/www.milazar-media.de\/index.php\/wp-json\/wp\/v2\/pages\/630\/revisions"}],"predecessor-version":[{"id":699,"href":"https:\/\/www.milazar-media.de\/index.php\/wp-json\/wp\/v2\/pages\/630\/revisions\/699"}],"wp:attachment":[{"href":"https:\/\/www.milazar-media.de\/index.php\/wp-json\/wp\/v2\/media?parent=630"}],"curies":[{"name":"wp","href":"https:\/\/api.w.org\/{rel}","templated":true}]}}